{"id":20242,"date":"2025-09-15T11:48:07","date_gmt":"2025-09-15T09:48:07","guid":{"rendered":"https:\/\/muturbeltz.com\/producto\/julia-%c2%b7-crochet-panpina\/"},"modified":"2025-09-15T11:48:07","modified_gmt":"2025-09-15T09:48:07","slug":"julia-%c2%b7-crochet-panpina","status":"publish","type":"product","link":"https:\/\/muturbeltz.com\/eu\/producto\/julia-%c2%b7-crochet-panpina\/","title":{"rendered":"Julia \u00b7 Crochet Panpina"},"content":{"rendered":"<p data-start=\"139\" data-end=\"177\"><strong data-start=\"139\" data-end=\"175\">ALMATXAR Bilduma \u00b7 Pieza bakarra<\/strong><\/p>\n<p data-start=\"179\" data-end=\"426\"><strong data-start=\"179\" data-end=\"188\">Julia<\/strong> crochet panpina da, pieza bakarrean egina, Mutur Beltzeko karrantzana artilearekin eta <strong data-start=\"298\" data-end=\"311\">@pica.uva<\/strong>-rekin lankidetzan. Bere izenak lasaitasun indartsua eta gertukoaren edertasun naturala iradokitzen ditu, haurtzaroa, memoria eta lurraldea lotuz. <\/p>\n<p data-start=\"428\" data-end=\"670\"><strong data-start=\"444\" data-end=\"453\">Julia<\/strong>-ren puntu bakoitza eusten gaituzten tradizioei keinua da: Axarqu\u00eda malague\u00f1ako mahaspasaren elaborazioa eta Karrantza haraneko artzaintza estentsiboa. Kultura desberdinen arteko topaketa, ehun berean elkarrizketan. <\/p>\n<hr data-start=\"672\" data-end=\"675\">\n<h3 data-start=\"677\" data-end=\"701\">Piezaren xehetasunak<\/h3>\n<ul data-start=\"702\" data-end=\"1008\">\n<li data-start=\"702\" data-end=\"734\">\n<p data-start=\"704\" data-end=\"734\">Neurriak: 30<strong data-start=\"713\" data-end=\"732\"> x 12 cm gutxi gorabehera.<\/strong><\/p>\n<\/li>\n<li data-start=\"813\" data-end=\"916\">\n<p data-start=\"815\" data-end=\"916\">Koloreak: naturalak, gure ardi larrutik eta <strong data-start=\"900\" data-end=\"913\">Tinkatoki<\/strong>-ko landare tindaketatik lortuak.<\/p>\n<\/li>\n<li data-start=\"917\" data-end=\"971\">\n<p data-start=\"919\" data-end=\"971\"><strong data-start=\"919\" data-end=\"969\">Sorkuntza jasangarria, animalien tratu txarrik gabea.<\/strong><\/p>\n<\/li>\n<li data-start=\"972\" data-end=\"1008\">\n<p data-start=\"974\" data-end=\"1008\"><strong data-start=\"974\" data-end=\"1006\">Edizio bakarra eta errepikaezina.<\/strong><\/p>\n<\/li>\n<\/ul>\n<hr data-start=\"1010\" data-end=\"1013\">\n<h3 data-start=\"1015\" data-end=\"1040\">Sustraiak dituen panpina<\/h3>\n<p data-start=\"1041\" data-end=\"1266\"><strong data-start=\"1054\" data-end=\"1066\">ALMATXAR<\/strong> bildumak Alm\u00e1char izena hartzen du, Axarqu\u00eda malague\u00f1ako herria. Bertan, <strong data-start=\"1154\" data-end=\"1163\">Julia<\/strong> bezalako panpina bakoitzak sustraiekiko errespetua, maitasun baldintzagabea eta ia desagertutako lanbideen defentsa irudikatzen ditu.<\/p>\n<p data-start=\"1268\" data-end=\"1337\">Julia ez da panpina soilik: memoria zati bat da, zuntz bihurtua.<\/p>\n","protected":false},"excerpt":{"rendered":"<p>ALMATXAR Bilduma \u00b7 Pieza bakarra Julia crochet panpina da, pieza bakarrean egina, Mutur Beltzeko karrantzana artilearekin eta @pica.uva-rekin lankidetzan. Bere<\/p>\n","protected":false},"featured_media":0,"comment_status":"open","ping_status":"closed","template":"","meta":[],"product_brand":[],"product_cat":[204,235],"product_tag":[],"class_list":{"0":"post-20242","1":"product","2":"type-product","3":"status-publish","5":"product_cat-berritasunak","6":"product_cat-barne-diseinu-jasangarria","8":"first","9":"instock","10":"purchasable","11":"product-type-simple"},"_links":{"self":[{"href":"https:\/\/muturbeltz.com\/eu\/wp-json\/wp\/v2\/product\/20242","targetHints":{"allow":["GET"]}}],"collection":[{"href":"https:\/\/muturbeltz.com\/eu\/wp-json\/wp\/v2\/product"}],"about":[{"href":"https:\/\/muturbeltz.com\/eu\/wp-json\/wp\/v2\/types\/product"}],"replies":[{"embeddable":true,"href":"https:\/\/muturbeltz.com\/eu\/wp-json\/wp\/v2\/comments?post=20242"}],"version-history":[{"count":0,"href":"https:\/\/muturbeltz.com\/eu\/wp-json\/wp\/v2\/product\/20242\/revisions"}],"wp:attachment":[{"href":"https:\/\/muturbeltz.com\/eu\/wp-json\/wp\/v2\/media?parent=20242"}],"wp:term":[{"taxonomy":"product_brand","embeddable":true,"href":"https:\/\/muturbeltz.com\/eu\/wp-json\/wp\/v2\/product_brand?post=20242"},{"taxonomy":"product_cat","embeddable":true,"href":"https:\/\/muturbeltz.com\/eu\/wp-json\/wp\/v2\/product_cat?post=20242"},{"taxonomy":"product_tag","embeddable":true,"href":"https:\/\/muturbeltz.com\/eu\/wp-json\/wp\/v2\/product_tag?post=20242"}],"curies":[{"name":"wp","href":"https:\/\/api.w.org\/{rel}","templated":true}]}}